{"id":320,"date":"2012-03-25T17:42:43","date_gmt":"2012-03-25T16:42:43","guid":{"rendered":"https:\/\/joker-showband.de\/?page_id=320"},"modified":"2012-05-10T20:36:22","modified_gmt":"2012-05-10T19:36:22","slug":"klangherz","status":"publish","type":"page","link":"https:\/\/joker-showband.de\/?page_id=320","title":{"rendered":"Klangherz"},"content":{"rendered":"<h6 style=\"text-align: left;\">Unsere S\u00e4ngerin Kerstin Marie Hansen &amp; unser Gitarrist Holly Petersen ber\u00fchren mit gef\u00fchlvollen Arrangements und lassen besondere Anl\u00e4sse zu bewegenden und unvergesslichen Momenten werden. Mit einer erlesenen Songauswahl spielt Klangherz auf Ihrer Veranstaltung die ganz pers\u00f6nliche Note &#8211; auch in Kombination mit der kompletten Joker-Bandbesetzung.<\/h6>\n<h6 style=\"text-align: center;\">\u00a0<img decoding=\"async\" loading=\"lazy\" class=\"aligncenter\" title=\"Klangherz\" src=\"https:\/\/joker-showband.de\/wp-content\/uploads\/2012\/03\/pic14-300x197.jpg\" alt=\"\" width=\"300\" height=\"197\" \/><\/h6>\n<h6 style=\"text-align: center;\">Weitere Infos &amp; Kontaktdaten gibt es auf der Homepage von<span style=\"color: #c0c0c0;\"> <a title=\"Klangherz\" href=\"https:\/\/www.klangherz.de\" target=\"_blank\"><span style=\"color: #c0c0c0;\">Klangherz<\/span><\/a><\/span><span style=\"font-family: Times New Roman; font-size: small;\">!<br \/>\n<\/span><\/h6>\n","protected":false},"excerpt":{"rendered":"<p>Unsere S\u00e4ngerin Kerstin Marie Hansen &amp; unser Gitarrist Holly Petersen ber\u00fchren mit gef\u00fchlvollen Arrangements und lassen besondere Anl\u00e4sse zu bewegenden und unvergesslichen Momenten werden. Mit einer erlesenen Songauswahl spielt Klangherz auf Ihrer Veranstaltung die ganz pers\u00f6nliche Note &#8211; auch in Kombination mit der kompletten Joker-Bandbesetzung. \u00a0 Weitere Infos &amp; Kontaktdaten gibt es auf der Homepage [&hellip;]<\/p>\n","protected":false},"author":1,"featured_media":920,"parent":0,"menu_order":0,"comment_status":"closed","ping_status":"closed","template":"","meta":{"ngg_post_thumbnail":0},"_links":{"self":[{"href":"https:\/\/joker-showband.de\/index.php?rest_route=\/wp\/v2\/pages\/320"}],"collection":[{"href":"https:\/\/joker-showband.de\/index.php?rest_route=\/wp\/v2\/pages"}],"about":[{"href":"https:\/\/joker-showband.de\/index.php?rest_route=\/wp\/v2\/types\/page"}],"author":[{"embeddable":true,"href":"https:\/\/joker-showband.de\/index.php?rest_route=\/wp\/v2\/users\/1"}],"replies":[{"embeddable":true,"href":"https:\/\/joker-showband.de\/index.php?rest_route=%2Fwp%2Fv2%2Fcomments&post=320"}],"version-history":[{"count":54,"href":"https:\/\/joker-showband.de\/index.php?rest_route=\/wp\/v2\/pages\/320\/revisions"}],"predecessor-version":[{"id":349,"href":"https:\/\/joker-showband.de\/index.php?rest_route=\/wp\/v2\/pages\/320\/revisions\/349"}],"wp:featuredmedia":[{"embeddable":true,"href":"https:\/\/joker-showband.de\/index.php?rest_route=\/wp\/v2\/media\/920"}],"wp:attachment":[{"href":"https:\/\/joker-showband.de\/index.php?rest_route=%2Fwp%2Fv2%2Fmedia&parent=320"}],"curies":[{"name":"wp","href":"https:\/\/api.w.org\/{rel}","templated":true}]}}