{"id":18,"date":"2012-02-11T21:30:06","date_gmt":"2012-02-11T20:30:06","guid":{"rendered":"https:\/\/joker-showband.de\/?page_id=18"},"modified":"2020-08-08T12:58:19","modified_gmt":"2020-08-08T11:58:19","slug":"referenzen","status":"publish","type":"page","link":"https:\/\/joker-showband.de\/?page_id=18","title":{"rendered":"Referenzen"},"content":{"rendered":"<h3><span style=\"color: #c0c0c0;\">Events<\/span><\/h3>\n<ul>\n<li>Pfingstvolksfest Albersdorf<\/li>\n<li>Opernball Kiel<\/li>\n<li>Kieler Schloss, Prinzenball<\/li>\n<li>Geburtstag der Prinzessin zu Schleswig-Holstein, Gl\u00fccksburger Schloss<\/li>\n<li>Radio Nora Traumhochzeit<\/li>\n<li>Sylt, Kursaal Kampen, &#8222;Promi-Geburtstag&#8220;<\/li>\n<li>Handball WM Party 2007 in Kiel &amp; Hamburg<\/li>\n<li>Hafentage Husum<\/li>\n<li>Markttage Bredstedt<\/li>\n<li>Friedrichst\u00e4dter Festtage<\/li>\n<li>Feuerzauber Strandmeile Gl\u00fccksburg<\/li>\n<li>Honky Tonk Kneipenfestival in Flensburg, Rendsburg, Husum &amp; Kiel<\/li>\n<li>Nightbeat- Festival in Leck &amp; Nieb\u00fcll<\/li>\n<li>Hamburg Trade Center, Speicherstadtevent<\/li>\n<li>Internationale Fachmesse, M\u00fcnchen Riem<\/li>\n<li>Windenergiemesse Messehalle Husum<\/li>\n<li>8 Kreuzfahrten mit AIDA Schiffen<\/li>\n<li>3 Kreuzfahrten auf der &#8220; Mein Schiff &#8220; Flotte<\/li>\n<\/ul>\n<p style=\"text-align: center;\">&#8212;&#8212;&#8212;&#8212;&#8212;&#8212;<\/p>\n<h3><span style=\"color: #c0c0c0;\">Vereine<\/span><\/h3>\n<div>\n<ul>\n<li>SG Flensburg- Handewitt Meisterfeier &amp; Weihnachtsfeier<\/li>\n<li>FSC Deutsche Segelmeisterschaften, Gl\u00fccksburg<\/li>\n<li>TSB Flensburg, Sportlerball, Einweihungsfeier F\u00f6rdefitness<\/li>\n<li>SIF Schleswig<\/li>\n<li>SSC +Ahoi&nbsp; Segelclubs Schleswig<\/li>\n<li>Theaterfreunde Schleswig e.V.<\/li>\n<li>TSV Friedrichsberg-Busdorf<\/li>\n<li>Landestheater Rendsburg B\u00fchnenball<\/li>\n<li>ADAC Schleswig-Holstein<\/li>\n<\/ul>\n<p style=\"text-align: center;\">&#8212;&#8212;&#8212;&#8212;&#8212;&#8212;<\/p>\n<\/div>\n<h3><span style=\"color: #c0c0c0;\">Unternehmen<\/span><\/h3>\n<div>\n<ul>\n<li>Lufthansa Technik<\/li>\n<li>HypoVereinsbank AG, Schleswig-Holstein<\/li>\n<li>I-Bank Schleswig-Holstein<\/li>\n<li>Vestas<\/li>\n<li>Allianz &amp; Dresdner Bank<\/li>\n<li>Multitast, Flensburg<\/li>\n<li>Peek &amp; Cloppenburg<\/li>\n<li>Mercedes Klaus &amp; Co<\/li>\n<li>Volvo-Deutschland<\/li>\n<li>Plammbeck Holding AG<\/li>\n<li>Team AG<\/li>\n<li>M. J\u00fcrgensen GmbH &amp; Co. KG, S\u00f6rup<\/li>\n<li>BeBa Neue Energien<\/li>\n<li>ENBW&nbsp; AG<\/li>\n<li>Sauer AG Friedrichsort<\/li>\n<\/ul>\n<p style=\"text-align: center;\">&#8212;&#8212;&#8212;&#8212;&#8212;&#8212;<\/p>\n<h3><span style=\"color: #c0c0c0;\">Locations<\/span><\/h3>\n<div>\n<ul>\n<li>Schloss, Gl\u00fccksburg<\/li>\n<li>Opernhaus, Kiel<\/li>\n<li>NordseeCongressCentrum, Husum<\/li>\n<li>Dreilandenhalle, Garding<\/li>\n<li>Alte Post, Flensburg<\/li>\n<li>Deutsches Haus, Flensburg<\/li>\n<li>Halle 400, Kiel<\/li>\n<li>Koogshalle, Reu\u00dfenk\u00f6\u00f6ge<\/li>\n<li>Edelfettwerk, Hamburg<\/li>\n<li>Birkhalle, Gelting<\/li>\n<li>Ballhaus Tivoli, Heide<\/li>\n<li>Stadthalle Nieb\u00fcll<\/li>\n<li>Utholmhalle, St. Peter-Ording<\/li>\n<li>Stadthalle T\u00f6nning<\/li>\n<li>Holsteinisches Haus, Marne<\/li>\n<li>Kongresshalle, Husum<\/li>\n<li>Theodor-Sch\u00e4fer-Werk, Husum<\/li>\n<li>Kursaal Keitum, Sylt<\/li>\n<li>Lindenhalle, Wolfenb\u00fcttel<\/li>\n<li>Thomas Hotel, Husum<\/li>\n<li>Scandic Hotel, L\u00fcbeck<\/li>\n<li>Waldschl\u00f6sschen, Schleswig<\/li>\n<li>Maritim Hotel, Kiel<\/li>\n<li>Stadthalle, Braunschweig<\/li>\n<li>Intermar Hotels<\/li>\n<li>Hotel Hansen, Rendsburg<\/li>\n<li>Kursaal Rantum, Sylt<\/li>\n<li>Flughafenhotel Hamburg<\/li>\n<\/ul>\n<p style=\"text-align: center;\">&#8212;&#8212;&#8212;&#8212;&#8212;&#8212;<\/p>\n<p style=\"text-align: center;\">u.v.m.<\/p>\n<\/div>\n<\/div>\n","protected":false},"excerpt":{"rendered":"<p>Events Pfingstvolksfest Albersdorf Opernball Kiel Kieler Schloss, Prinzenball Geburtstag der Prinzessin zu Schleswig-Holstein, Gl\u00fccksburger Schloss Radio Nora Traumhochzeit Sylt, Kursaal Kampen, &#8222;Promi-Geburtstag&#8220; Handball WM Party 2007 in Kiel &amp; Hamburg Hafentage Husum Markttage Bredstedt Friedrichst\u00e4dter Festtage Feuerzauber Strandmeile Gl\u00fccksburg Honky Tonk Kneipenfestival in Flensburg, Rendsburg, Husum &amp; Kiel Nightbeat- Festival in Leck &amp; Nieb\u00fcll Hamburg [&hellip;]<\/p>\n","protected":false},"author":1,"featured_media":0,"parent":0,"menu_order":0,"comment_status":"closed","ping_status":"open","template":"","meta":{"ngg_post_thumbnail":0},"_links":{"self":[{"href":"https:\/\/joker-showband.de\/index.php?rest_route=\/wp\/v2\/pages\/18"}],"collection":[{"href":"https:\/\/joker-showband.de\/index.php?rest_route=\/wp\/v2\/pages"}],"about":[{"href":"https:\/\/joker-showband.de\/index.php?rest_route=\/wp\/v2\/types\/page"}],"author":[{"embeddable":true,"href":"https:\/\/joker-showband.de\/index.php?rest_route=\/wp\/v2\/users\/1"}],"replies":[{"embeddable":true,"href":"https:\/\/joker-showband.de\/index.php?rest_route=%2Fwp%2Fv2%2Fcomments&post=18"}],"version-history":[{"count":20,"href":"https:\/\/joker-showband.de\/index.php?rest_route=\/wp\/v2\/pages\/18\/revisions"}],"predecessor-version":[{"id":1164,"href":"https:\/\/joker-showband.de\/index.php?rest_route=\/wp\/v2\/pages\/18\/revisions\/1164"}],"wp:attachment":[{"href":"https:\/\/joker-showband.de\/index.php?rest_route=%2Fwp%2Fv2%2Fmedia&parent=18"}],"curies":[{"name":"wp","href":"https:\/\/api.w.org\/{rel}","templated":true}]}}