{"id":14,"date":"2012-02-11T21:11:29","date_gmt":"2012-02-11T20:11:29","guid":{"rendered":"https:\/\/joker-showband.de\/?page_id=14"},"modified":"2012-06-27T16:37:24","modified_gmt":"2012-06-27T15:37:24","slug":"musiker","status":"publish","type":"page","link":"https:\/\/joker-showband.de\/?page_id=14","title":{"rendered":"Musiker"},"content":{"rendered":"<h6 style=\"text-align: left;\">Die Band Joker besticht durch \u00fcberzeugenden Gesang, herausragende Instrumentalisten, ein sattes Klangbild und stimmungsvolles Licht. Die eingespielten Musiker verf\u00fcgen \u00fcber langj\u00e4hrige B\u00fchnenerfahrung und sorgen mit gro\u00dfer Spielfreunde f\u00fcr gute Laune, Abwechslung und eine rundum gelungene Veranstaltung.<\/h6>\n<h6><\/h6>\n","protected":false},"excerpt":{"rendered":"<p>Die Band Joker besticht durch \u00fcberzeugenden Gesang, herausragende Instrumentalisten, ein sattes Klangbild und stimmungsvolles Licht. Die eingespielten Musiker verf\u00fcgen \u00fcber langj\u00e4hrige B\u00fchnenerfahrung und sorgen mit gro\u00dfer Spielfreunde f\u00fcr gute Laune, Abwechslung und eine rundum gelungene Veranstaltung.<\/p>\n","protected":false},"author":1,"featured_media":825,"parent":0,"menu_order":0,"comment_status":"closed","ping_status":"open","template":"template-gallery-f.php","meta":{"ngg_post_thumbnail":0},"_links":{"self":[{"href":"https:\/\/joker-showband.de\/index.php?rest_route=\/wp\/v2\/pages\/14"}],"collection":[{"href":"https:\/\/joker-showband.de\/index.php?rest_route=\/wp\/v2\/pages"}],"about":[{"href":"https:\/\/joker-showband.de\/index.php?rest_route=\/wp\/v2\/types\/page"}],"author":[{"embeddable":true,"href":"https:\/\/joker-showband.de\/index.php?rest_route=\/wp\/v2\/users\/1"}],"replies":[{"embeddable":true,"href":"https:\/\/joker-showband.de\/index.php?rest_route=%2Fwp%2Fv2%2Fcomments&post=14"}],"version-history":[{"count":75,"href":"https:\/\/joker-showband.de\/index.php?rest_route=\/wp\/v2\/pages\/14\/revisions"}],"predecessor-version":[{"id":985,"href":"https:\/\/joker-showband.de\/index.php?rest_route=\/wp\/v2\/pages\/14\/revisions\/985"}],"wp:featuredmedia":[{"embeddable":true,"href":"https:\/\/joker-showband.de\/index.php?rest_route=\/wp\/v2\/media\/825"}],"wp:attachment":[{"href":"https:\/\/joker-showband.de\/index.php?rest_route=%2Fwp%2Fv2%2Fmedia&parent=14"}],"curies":[{"name":"wp","href":"https:\/\/api.w.org\/{rel}","templated":true}]}}