{"id":12,"date":"2012-02-11T20:37:30","date_gmt":"2012-02-11T19:37:30","guid":{"rendered":"https:\/\/joker-showband.de\/?page_id=12"},"modified":"2020-08-08T12:52:39","modified_gmt":"2020-08-08T11:52:39","slug":"aktuelles","status":"publish","type":"page","link":"https:\/\/joker-showband.de\/?page_id=12","title":{"rendered":"News"},"content":{"rendered":"<h3>Joker w\u00fcnscht allen Kunden und Freunden ein wenig Geduld beim Warten auf die Gelegenheit, wieder gemeinsam Feste zu feiern und Musikveranstaltungen anzubieten.<\/h3>\n<h3>Da Joker dieses Jahr 25 Jahre besteht, hoffen wir unser Jubil\u00e4um mit euch&nbsp; noch in diesem Jahr zusammen geb\u00fchrend feiern zu d\u00fcrfen.<\/h3>\n<h3>Wir w\u00fcnschen euch alles Gute und bleibt gesund und munter!<\/h3>\n<p>&nbsp;<\/p>\n<p>&nbsp;<\/p>\n<p>&nbsp;<\/p>\n<p>&nbsp;<\/p>\n","protected":false},"excerpt":{"rendered":"<p>Joker w\u00fcnscht allen Kunden und Freunden ein wenig Geduld beim Warten auf die Gelegenheit, wieder gemeinsam Feste zu feiern und Musikveranstaltungen anzubieten. Da Joker dieses Jahr 25 Jahre besteht, hoffen wir unser Jubil\u00e4um mit euch&nbsp; noch in diesem Jahr zusammen geb\u00fchrend feiern zu d\u00fcrfen. Wir w\u00fcnschen euch alles Gute und bleibt gesund und munter! &nbsp; [&hellip;]<\/p>\n","protected":false},"author":1,"featured_media":0,"parent":0,"menu_order":0,"comment_status":"closed","ping_status":"open","template":"","meta":{"ngg_post_thumbnail":0},"_links":{"self":[{"href":"https:\/\/joker-showband.de\/index.php?rest_route=\/wp\/v2\/pages\/12"}],"collection":[{"href":"https:\/\/joker-showband.de\/index.php?rest_route=\/wp\/v2\/pages"}],"about":[{"href":"https:\/\/joker-showband.de\/index.php?rest_route=\/wp\/v2\/types\/page"}],"author":[{"embeddable":true,"href":"https:\/\/joker-showband.de\/index.php?rest_route=\/wp\/v2\/users\/1"}],"replies":[{"embeddable":true,"href":"https:\/\/joker-showband.de\/index.php?rest_route=%2Fwp%2Fv2%2Fcomments&post=12"}],"version-history":[{"count":59,"href":"https:\/\/joker-showband.de\/index.php?rest_route=\/wp\/v2\/pages\/12\/revisions"}],"predecessor-version":[{"id":1163,"href":"https:\/\/joker-showband.de\/index.php?rest_route=\/wp\/v2\/pages\/12\/revisions\/1163"}],"wp:attachment":[{"href":"https:\/\/joker-showband.de\/index.php?rest_route=%2Fwp%2Fv2%2Fmedia&parent=12"}],"curies":[{"name":"wp","href":"https:\/\/api.w.org\/{rel}","templated":true}]}}